{"id":639,"date":"2024-04-02T22:33:50","date_gmt":"2024-04-03T01:33:50","guid":{"rendered":"http:\/\/novaeraexpress.com.br\/?page_id=639"},"modified":"2025-08-05T09:05:37","modified_gmt":"2025-08-05T12:05:37","slug":"canal-de-relatos","status":"publish","type":"page","link":"http:\/\/novaeraexpress.com.br\/?page_id=639","title":{"rendered":"Canal de Relatos"},"content":{"rendered":"\t\t<div data-elementor-type=\"wp-page\" data-elementor-id=\"639\" class=\"elementor elementor-639\" data-elementor-post-type=\"page\">\n\t\t\t\t<div class=\"elementor-element elementor-element-89566ca e-con-full e-flex e-con e-parent\" data-id=\"89566ca\" data-element_type=\"container\" data-settings=\"{&quot;background_background&quot;:&quot;classic&quot;}\">\n\t\t\t\t<div class=\"elementor-element elementor-element-01fb707 elementor-widget__width-initial elementor-widget elementor-widget-text-editor\" data-id=\"01fb707\" data-element_type=\"widget\" data-widget_type=\"text-editor.default\">\n\t\t\t\t<div class=\"elementor-widget-container\">\n\t\t\t\t\t\t\t\t\t<p>Aqui, proporcionamos um espa\u00e7o seguro e confidencial para que voc\u00ea possa fazer den\u00fancias de forma an\u00f4nima. Nossa miss\u00e3o \u00e9 garantir que todas as vozes sejam ouvidas e que a\u00e7\u00f5es adequadas sejam tomadas para resolver qualquer problema reportado.<\/p>\t\t\t\t\t\t\t\t<\/div>\n\t\t\t\t<\/div>\n\t\t<div class=\"elementor-element elementor-element-792691e e-con-full e-flex e-con e-child\" data-id=\"792691e\" data-element_type=\"container\">\n\t\t\t\t<div class=\"elementor-element elementor-element-7142f01 elementor-widget__width-initial elementor-widget elementor-widget-heading\" data-id=\"7142f01\" data-element_type=\"widget\" data-widget_type=\"heading.default\">\n\t\t\t\t<div class=\"elementor-widget-container\">\n\t\t\t\t\t<h2 class=\"elementor-heading-title elementor-size-default\">Canal de Relatos<\/h2>\t\t\t\t<\/div>\n\t\t\t\t<\/div>\n\t\t\t\t<div class=\"elementor-element elementor-element-67df28d elementor-widget__width-initial elementor-button-align-stretch elementor-widget elementor-widget-form\" data-id=\"67df28d\" data-element_type=\"widget\" data-settings=\"{&quot;step_next_label&quot;:&quot;Next&quot;,&quot;step_previous_label&quot;:&quot;Previous&quot;,&quot;button_width&quot;:&quot;100&quot;,&quot;step_type&quot;:&quot;number_text&quot;,&quot;step_icon_shape&quot;:&quot;circle&quot;}\" data-widget_type=\"form.default\">\n\t\t\t\t<div class=\"elementor-widget-container\">\n\t\t\t\t\t\t\t<form class=\"elementor-form\" method=\"post\" name=\"New Form\">\n\t\t\t<input type=\"hidden\" name=\"post_id\" value=\"639\"\/>\n\t\t\t<input type=\"hidden\" name=\"form_id\" value=\"67df28d\"\/>\n\t\t\t<input type=\"hidden\" name=\"referer_title\" value=\"\" \/>\n\n\t\t\t\n\t\t\t<div class=\"elementor-form-fields-wrapper elementor-labels-above\">\n\t\t\t\t\t\t\t\t<div class=\"elementor-field-type-text elementor-field-group elementor-column elementor-field-group-name elementor-col-100\">\n\t\t\t\t\t\t\t\t\t\t\t\t\t<input size=\"1\" type=\"text\" name=\"form_fields[name]\" id=\"form-field-name\" class=\"elementor-field elementor-size-sm  elementor-field-textual\" placeholder=\"Nome (n\u00e3o obrigat\u00f3rio)\">\n\t\t\t\t\t\t\t\t\t\t\t<\/div>\n\t\t\t\t\t\t\t\t<div class=\"elementor-field-type-email elementor-field-group elementor-column elementor-field-group-email elementor-col-100\">\n\t\t\t\t\t\t\t\t\t\t\t\t\t<input size=\"1\" type=\"email\" name=\"form_fields[email]\" id=\"form-field-email\" class=\"elementor-field elementor-size-sm  elementor-field-textual\" placeholder=\"Email (n\u00e3o obrigat\u00f3rio)\">\n\t\t\t\t\t\t\t\t\t\t\t<\/div>\n\t\t\t\t\t\t\t\t<div class=\"elementor-field-type-text elementor-field-group elementor-column elementor-field-group-field_284c656 elementor-col-100\">\n\t\t\t\t\t\t\t\t\t\t\t\t\t<input size=\"1\" type=\"text\" name=\"form_fields[field_284c656]\" id=\"form-field-field_284c656\" class=\"elementor-field elementor-size-sm  elementor-field-textual\" placeholder=\"CPF (n\u00e3o obrigat\u00f3rio)\">\n\t\t\t\t\t\t\t\t\t\t\t<\/div>\n\t\t\t\t\t\t\t\t<div class=\"elementor-field-type-text elementor-field-group elementor-column elementor-field-group-field_9ebef1f elementor-col-100\">\n\t\t\t\t\t\t\t\t\t\t\t\t\t<input size=\"1\" type=\"text\" name=\"form_fields[field_9ebef1f]\" id=\"form-field-field_9ebef1f\" class=\"elementor-field elementor-size-sm  elementor-field-textual\" placeholder=\"(xx) xxxxx-xxxx (n\u00e3o obrigat\u00f3rio)\">\n\t\t\t\t\t\t\t\t\t\t\t<\/div>\n\t\t\t\t\t\t\t\t<div class=\"elementor-field-type-textarea elementor-field-group elementor-column elementor-field-group-field_1f2be60 elementor-col-100 elementor-field-required\">\n\t\t\t\t\t<textarea class=\"elementor-field-textual elementor-field  elementor-size-sm\" name=\"form_fields[field_1f2be60]\" id=\"form-field-field_1f2be60\" rows=\"4\" placeholder=\"Qual a sua rela\u00e7\u00e3o com a empresa?\" required=\"required\" aria-required=\"true\"><\/textarea>\t\t\t\t<\/div>\n\t\t\t\t\t\t\t\t<div class=\"elementor-field-type-checkbox elementor-field-group elementor-column elementor-field-group-field_6f8a63e elementor-col-100\">\n\t\t\t\t\t\t\t\t\t\t\t\t<label for=\"form-field-field_6f8a63e\" class=\"elementor-field-label\">\n\t\t\t\t\t\t\t\tQual assunto a ser tratado pela empresa:\t\t\t\t\t\t\t<\/label>\n\t\t\t\t\t\t<div class=\"elementor-field-subgroup  \"><span class=\"elementor-field-option\"><input type=\"checkbox\" value=\"Den\u00fancia\" id=\"form-field-field_6f8a63e-0\" name=\"form_fields[field_6f8a63e][]\"> <label for=\"form-field-field_6f8a63e-0\">Den\u00fancia<\/label><\/span><span class=\"elementor-field-option\"><input type=\"checkbox\" value=\"D\u00favidas\" id=\"form-field-field_6f8a63e-1\" name=\"form_fields[field_6f8a63e][]\"> <label for=\"form-field-field_6f8a63e-1\">D\u00favidas<\/label><\/span><span class=\"elementor-field-option\"><input type=\"checkbox\" value=\"Sugest\u00f5es\" id=\"form-field-field_6f8a63e-2\" name=\"form_fields[field_6f8a63e][]\"> <label for=\"form-field-field_6f8a63e-2\">Sugest\u00f5es<\/label><\/span><span class=\"elementor-field-option\"><input type=\"checkbox\" value=\"Elogios\" id=\"form-field-field_6f8a63e-3\" name=\"form_fields[field_6f8a63e][]\"> <label for=\"form-field-field_6f8a63e-3\">Elogios<\/label><\/span><\/div>\t\t\t\t<\/div>\n\t\t\t\t\t\t\t\t<div class=\"elementor-field-type-textarea elementor-field-group elementor-column elementor-field-group-field_722bd10 elementor-col-100 elementor-field-required\">\n\t\t\t\t\t<textarea class=\"elementor-field-textual elementor-field  elementor-size-sm\" name=\"form_fields[field_722bd10]\" id=\"form-field-field_722bd10\" rows=\"4\" placeholder=\"Descreva aqui seu relato\" required=\"required\" aria-required=\"true\"><\/textarea>\t\t\t\t<\/div>\n\t\t\t\t\t\t\t\t<div class=\"elementor-field-group elementor-column elementor-field-type-submit elementor-col-100 e-form__buttons\">\n\t\t\t\t\t<button type=\"submit\" class=\"elementor-button elementor-size-sm\">\n\t\t\t\t\t\t<span >\n\t\t\t\t\t\t\t\t\t\t\t\t\t\t\t<span class=\" elementor-button-icon\">\n\t\t\t\t\t\t\t\t\t\t\t\t\t\t\t\t\t\t\t\t\t\t\t\t\t\t<\/span>\n\t\t\t\t\t\t\t\t\t\t\t\t\t\t\t\t\t\t\t\t\t\t<span class=\"elementor-button-text\">Enviar<\/span>\n\t\t\t\t\t\t\t\t\t\t\t\t\t<\/span>\n\t\t\t\t\t<\/button>\n\t\t\t\t<\/div>\n\t\t\t<\/div>\n\t\t<\/form>\n\t\t\t\t\t\t<\/div>\n\t\t\t\t<\/div>\n\t\t\t\t<\/div>\n\t\t\t\t<\/div>\n\t\t\t\t<\/div>\n\t\t","protected":false},"excerpt":{"rendered":"<p>Aqui, proporcionamos um espa\u00e7o seguro e confidencial para que voc\u00ea possa fazer den\u00fancias de forma an\u00f4nima. Nossa miss\u00e3o \u00e9 garantir que todas as vozes sejam ouvidas<span class=\"excerpt-hellip\"> [\u2026]<\/span><\/p>\n","protected":false},"author":1,"featured_media":0,"parent":0,"menu_order":0,"comment_status":"closed","ping_status":"closed","template":"elementor_header_footer","meta":{"footnotes":""},"class_list":["post-639","page","type-page","status-publish","hentry"],"_links":{"self":[{"href":"http:\/\/novaeraexpress.com.br\/index.php?rest_route=\/wp\/v2\/pages\/639","targetHints":{"allow":["GET"]}}],"collection":[{"href":"http:\/\/novaeraexpress.com.br\/index.php?rest_route=\/wp\/v2\/pages"}],"about":[{"href":"http:\/\/novaeraexpress.com.br\/index.php?rest_route=\/wp\/v2\/types\/page"}],"author":[{"embeddable":true,"href":"http:\/\/novaeraexpress.com.br\/index.php?rest_route=\/wp\/v2\/users\/1"}],"replies":[{"embeddable":true,"href":"http:\/\/novaeraexpress.com.br\/index.php?rest_route=%2Fwp%2Fv2%2Fcomments&post=639"}],"version-history":[{"count":79,"href":"http:\/\/novaeraexpress.com.br\/index.php?rest_route=\/wp\/v2\/pages\/639\/revisions"}],"predecessor-version":[{"id":1277,"href":"http:\/\/novaeraexpress.com.br\/index.php?rest_route=\/wp\/v2\/pages\/639\/revisions\/1277"}],"wp:attachment":[{"href":"http:\/\/novaeraexpress.com.br\/index.php?rest_route=%2Fwp%2Fv2%2Fmedia&parent=639"}],"curies":[{"name":"wp","href":"https:\/\/api.w.org\/{rel}","templated":true}]}}